{"id":8817,"date":"2020-01-08T22:52:36","date_gmt":"2020-01-08T22:52:36","guid":{"rendered":"http:\/\/uie.org.ar\/?page_id=8817"},"modified":"2025-10-29T20:09:12","modified_gmt":"2025-10-29T20:09:12","slug":"centro-de-formacion","status":"publish","type":"page","link":"https:\/\/uie.org.ar\/index.php\/centro-de-formacion\/","title":{"rendered":"Centro de Formaci\u00f3n Profesional"},"content":{"rendered":"<p>[vc_row full_width=\u00bbstretch_row\u00bb][vc_column]<section  id=\"single-69fddea791b0e\" class=\"header-single vertical-flex m0 image-bg parallax pt180 pb180 pt-xs-80 pb-xs-80\" ><div class=\"background-content \"><img loading=\"lazy\" decoding=\"async\" width=\"1920\" height=\"1226\" src=\"https:\/\/uie.org.ar\/wp-content\/uploads\/2020\/01\/centro-de-formacion-edificio.jpg\" class=\"background-image\" alt=\"page-header\" srcset=\"https:\/\/uie.org.ar\/wp-content\/uploads\/2020\/01\/centro-de-formacion-edificio.jpg 1920w, https:\/\/uie.org.ar\/wp-content\/uploads\/2020\/01\/centro-de-formacion-edificio-300x192.jpg 300w, https:\/\/uie.org.ar\/wp-content\/uploads\/2020\/01\/centro-de-formacion-edificio-1024x654.jpg 1024w, https:\/\/uie.org.ar\/wp-content\/uploads\/2020\/01\/centro-de-formacion-edificio-768x490.jpg 768w, https:\/\/uie.org.ar\/wp-content\/uploads\/2020\/01\/centro-de-formacion-edificio-1536x981.jpg 1536w\" sizes=\"auto, (max-width: 1920px) 100vw, 1920px\" \/><div  class=\"background-overlay\"><\/div><\/div><div  class=\"container vertical-flex-column item-content \">\n\t\t\t            <div class=\"row\"><div class=\"standard-slide p0 col-lg-12 col-lg-offset-0 col-md-10 col-md-offset-1 col-sm-12 text-center\"><h1 style=\"text-shadow:none;font-size:52px;line-height:62px;text-transform: none!important;\" class=\"heading-title-standard\">Centro de Formaci\u00f3n Profesional<\/h1><div style=\"text-shadow:none;text-transform: none!important;\" class=\"heading-content\"><\/div>\n                <\/div><\/div><\/div><\/section>[\/vc_column][\/vc_row][vc_row tlg_padding=\u00bbpb0&#8243;][vc_column width=\u00bb1\/2&#8243;]<div class=\"headings-title \"><div class=\"mb16 mb-xs-40 text-left\"><h5  class=\"widgettitle\">Centro de Formaci\u00f3n Profesional <cite><i>N\u00ba 402<\/i><\/cite><\/h5><div class=\"divider-wrap\"><div class=\"tlg-divider \" style=\"\"><\/div><\/div><div  class=\"widgetsubtitle\">Ing. Franco Speranza<\/div><\/div><\/div>[vc_column_text]La <strong>Uni\u00f3n Industrial de Ezeiza<\/strong> la forman Industrias que entendieron que juntos es mejor que uno. Empresas que sienten la responsabilidad social empresaria y eligen desarrollarla, involucr\u00e1ndose d\u00eda a d\u00eda.<\/p>\n<p>Creemos que la educaci\u00f3n es la llave del cambio, por esto nos enamoramos del proyecto y encontramos en la Direcci\u00f3n General de Cultura y Educaci\u00f3n de la Provincia de Buenos Aires, en Formaci\u00f3n Profesional, y en el Instituto de Formaci\u00f3n Laboral un espacio de apertura, una invitaci\u00f3n a trabajar juntos.<\/p>\n<p class=\"western\" lang=\"es-ES-u-co-trad\">El 18 de Noviembre de 2014, la Directora General de Cultura y Educaci\u00f3n, Dra. Nora de Lucia, resuelve crear el Centro de Formaci\u00f3n Profesional N\u00b0402 del distrito de Ezeiza.<\/p>\n<p lang=\"es-ES-u-co-trad\">[\/vc_column_text][vc_column_text css=\u00bb.vc_custom_1761236412989{padding-top: 10px !important;padding-right: 10px !important;padding-bottom: 10px !important;padding-left: 10px !important;background-color: #ededed !important;}\u00bb]<\/p>\n<h3><strong>Comunicate con nosotros al:<\/strong><\/h3>\n<p><i class=\"fa fa-envelope\"><\/i> <a href=\"mailto:cfp402ezeiza@gmail.com\" target=\"_blank\" rel=\"noopener noreferrer\">cfp402ezeiza@gmail.com<\/a><br \/>\n<i class=\"ti-facebook\"><\/i> <a href=\"https:\/\/www.facebook.com\/Cfp-402-Ezeiza-Ing-Franco-Speranza-537675159763748\" target=\"_blank\" rel=\"noopener noreferrer\">Cfp 402 Ezeiza Ing. Franco Speranza<\/a><br \/>\n<i class=\"ti-instagram\"><\/i> <a href=\"https:\/\/www.instagram.com\/cfl402ezeiza\/\" target=\"_blank\" rel=\"noopener noreferrer\">cfp402ezeiza<\/a>[\/vc_column_text][\/vc_column][vc_column width=\u00bb1\/2&#8243;]<div class=\"image-video boxed-intro-content boxed-caption boxed-caption-bottom heavy-shadow zoom-hover bg-white  \">\n\t\t\t\t\t\t\t<div class=\"intro-image border-radius-0 overflow-hidden\"><img loading=\"lazy\" decoding=\"async\" width=\"1900\" height=\"1224\" src=\"https:\/\/uie.org.ar\/wp-content\/uploads\/2020\/01\/centro.jpg\" class=\"background-image\" alt=\"\" srcset=\"https:\/\/uie.org.ar\/wp-content\/uploads\/2020\/01\/centro.jpg 1900w, https:\/\/uie.org.ar\/wp-content\/uploads\/2020\/01\/centro-300x193.jpg 300w, https:\/\/uie.org.ar\/wp-content\/uploads\/2020\/01\/centro-1024x660.jpg 1024w, https:\/\/uie.org.ar\/wp-content\/uploads\/2020\/01\/centro-768x495.jpg 768w, https:\/\/uie.org.ar\/wp-content\/uploads\/2020\/01\/centro-1536x990.jpg 1536w\" sizes=\"auto, (max-width: 1900px) 100vw, 1900px\" \/>\n\t\t\t\t\t\t\t<\/div>\n\t\t\t\t\t\t<\/div><div class=\"tlg-spacer  \" data-height=\"50\" data-height-tablet=\"50\" data-height-mobile=\"20\" style=\"clear:both;display:block;height:50px;\"><\/div><div class=\"display-table action-box\"><div class=\"display-cell display-none-sm display-icon\"><i style=\"color:#008ab3!important;\" class=\"fade-color ms-text ti-pencil-alt icon\"><\/i><\/div>\n\t\t\t\t\t<div class=\"display-cell text-center-sm\">\n\t\t\t\t\t\t<h2 style=\"color:#008ab3!important;\" class=\"maintitle\">Bolsa de Trabajo<\/h2>\n\t\t\t\t\t\t<p style=\"color:#878787!important;\" class=\"mb0\">Junto a la industria contribuimos con tu busqueda. Complet\u00e1 el formulario con los datos de tu b\u00fasqueda laboral.<\/p>\n\t\t\t\t\t<\/div>\n\t\t\t\t\t<div class=\"display-cell text-center-sm text-right\"><a style=\"color:#ffffff;background:#008ab3;border-color:#008ab3;\" id=\"btn-69fddea791f7e\" class=\"btn btn-rounded hvr-float btn-sm-sm text-center mr-0 mb0 mt-xs-24\" href= \"https:\/\/docs.google.com\/forms\/d\/e\/1FAIpQLSeV-tAdbrGMFup9C0byLO6K3kFyZeotgO8ySaif82vP0nzLvw\/viewform\" target=' _blank' >FORMULARIO<\/a><\/div>\n\t\t\t\t<\/div><script type=\"text\/javascript\">jQuery(document).ready(function(){jQuery('head').append('<style type=\"text\/css\" id=\"tlg-custom-css-btn-69fddea791f7e\">#btn-69fddea791f7e:hover{color:#008ab3!important;background:#ffffff!important;border-color:#008ab3!important;}<\/style>');});<\/script>[\/vc_column][\/vc_row][vc_row][vc_column][vc_row_inner][vc_column_inner width=\u00bb1\/2&#8243;]<div id=\"iconbox-69fddea791fc1\" class=\" primary-color-icon  \"><div class=\"icon-link\"><div class=\"display-table mb-xs-24 text-left\">\n\t\t\t\t    \t\t<div class=\"display-cell vertical-top mb-xs-24\"><i  class=\"ti-target  inline-block mr-30 icon-text icon-lg\"><\/i><\/div>\n\t\t\t\t    \t\t<div class=\"display-cell\"><h5  class=\"widgettitle \">Misi\u00f3n<\/h5><div  class=\"icon-content\"><p>Comprometernos con el desarrollo de nuestro distrito y la gente.<br \/>\nElegimos el espacio de Formaci\u00f3n Profesional porque lo entendemos como un puente entre el \u00e1mbito educativo, de la producci\u00f3n y del trabajo.<br \/>\nNos proponemos crear una alternativa de capacitaci\u00f3n genuina, que promueva el crecimiento personal y profesional de las personas, proporcionando as\u00ed herramientas que permitan una verdadera inclusi\u00f3n social.<\/p>\n<\/div><\/div>\n\t\t\t\t    \t<\/div><\/div><\/div><div id=\"iconbox-69fddea792042\" class=\" primary-color-icon  \"><div class=\"icon-link\"><div class=\"display-table mb-xs-24 text-left\">\n\t\t\t\t    \t\t<div class=\"display-cell vertical-top mb-xs-24\"><i  class=\"ti-crown  inline-block mr-30 icon-text icon-lg\"><\/i><\/div>\n\t\t\t\t    \t\t<div class=\"display-cell\"><h5  class=\"widgettitle \">Valores<\/h5><div  class=\"icon-content\"><\/p>\n<p style=\"padding-left: 40px;\"><strong>\u203a CONTRIBUCION:<\/strong> Como industrias que han recorrido un largo camino en el distrito de Ezeiza, es nuestro deseo contribuir a la comunidad de una manera tangible, y somos creyentes de que la mejor forma de hacerlo es mediante la educaci\u00f3n.<br \/>\n<strong>\u203a INTERACCI\u00d3N:<\/strong> Somos parte de un todo, aspecto de un sistema en constante interacci\u00f3n. Conscientes de eso, entendemos que el desaf\u00edo propuesto s\u00f3lo puede ser abarcado integralmente, permitiendo desarrollar una instituci\u00f3n que se ensamble funcionalmente a los dem\u00e1s componentes del ambiente.<br \/>\n<strong>\u203a \u00c9TICA:<\/strong> Partiendo de la base de que los seres humanos somos seres sociales ante todo, es imposible desarrollar el aspecto inteligible sin afectar el social propiamente dicho, por lo que es necesario influirlo para construir una \u00e9tica del trabajo responsable como ingrediente cultural esencial.<br \/>\n<strong>\u203a SUSTENTABILIDAD:<\/strong> En un mundo donde los recursos no abundan y la naturaleza cada vez nos exige m\u00e1s tener conciencia y prudencia a la hora de emplearlos, se vuelve imperativo adaptar todos los aspectos del proceso productivo para conformar un ciclo sustentable de desarrollo.<\/p>\n<\/div><\/div>\n\t\t\t\t    \t<\/div><\/div><\/div>[\/vc_column_inner][vc_column_inner width=\u00bb1\/2&#8243;]<div id=\"iconbox-69fddea7920ac\" class=\" primary-color-icon  \"><div class=\"icon-link\"><div class=\"display-table mb-xs-24 text-left\">\n\t\t\t\t    \t\t<div class=\"display-cell vertical-top mb-xs-24\"><i  class=\"ti-eye  inline-block mr-30 icon-text icon-lg\"><\/i><\/div>\n\t\t\t\t    \t\t<div class=\"display-cell\"><h5  class=\"widgettitle \">Visi\u00f3n<\/h5><div  class=\"icon-content\"><p>Ser un Centro modelo, que mantenga los m\u00e1s altos est\u00e1ndares de calidad.<br \/>\nSer una organizaci\u00f3n flexible y din\u00e1mica atenta a los cambios tecnol\u00f3gicos y del \u00e1mbito laboral, brindando oportunidad de crecimiento y desarrollo a las personas que busquen realizar su potencial interno y formar parte de los procesos productivos, que creemos son los cimientos del edificio de la Naci\u00f3n Argentina.<\/p>\n<\/div><\/div>\n\t\t\t\t    \t<\/div><\/div><\/div><div id=\"iconbox-69fddea7920ea\" class=\" primary-color-icon  \"><div class=\"icon-link\"><div class=\"display-table mb-xs-24 text-left\">\n\t\t\t\t    \t\t<div class=\"display-cell vertical-top mb-xs-24\"><i  class=\"ti-target  inline-block mr-30 icon-text icon-lg\"><\/i><\/div>\n\t\t\t\t    \t\t<div class=\"display-cell\"><h5  class=\"widgettitle \">Objetivos<\/h5><div  class=\"icon-content\"><\/p>\n<p style=\"padding-left: 40px;\"><strong>\u203a ARTICULAR<\/strong> educaci\u00f3n, producci\u00f3n y trabajo para incentivar la CULTURA DEL TRABAJO.<br \/>\n<strong>\u203a CAPACITAR<\/strong> seg\u00fan las nuevas tecnolog\u00edas del mercado laboral respondiendo a los nuevos par\u00e1metros de productividad, competitividad y calidad.<br \/>\n<strong>\u203a INNOVAR<\/strong> mediante un planeamiento estrat\u00e9gico que incluya elementos tecnol\u00f3gicos en constante evoluci\u00f3n.<\/p>\n<\/div><\/div>\n\t\t\t\t    \t<\/div><\/div><\/div><div class=\"tlg-spacer  \" data-height=\"10\" data-height-tablet=\"10\" data-height-mobile=\"10\" style=\"clear:both;display:block;height:10px;\"><\/div>[vc_column_text]<\/p>\n<div class=\"headings-title\" style=\"background-color: #f9f9f9; padding: 20px;\">\n<div class=\"mb70 mb-xs-40 text-center\">\n<h5 class=\"widgettitle\" style=\"font-size: 22px; line-height: 30px; text-transform: none!important;\">Con pasi\u00f3n por trabajar y producir, y un fuerte compromiso social, decimos <cite> \u201cEste es s\u00f3lo el comienzo\u2026\u00bb<\/cite><\/h5>\n<div class=\"divider-wrap\" style=\"background-color: #f9f9f9;\">\n<div class=\"tlg-divider\"><\/div>\n<\/div>\n<\/div>\n<\/div>\n<p>[\/vc_column_text][\/vc_column_inner][\/vc_row_inner][\/vc_column][\/vc_row][vc_row tlg_background_style=\u00bbbg-primary\u00bb tlg_padding=\u00bbpt64 pb64&#8243;][vc_column]<div class=\"display-table action-box\"><div class=\"display-cell display-none-sm display-icon\"><i  class=\"fade-color ms-text ti-pencil-alt icon\"><\/i><\/div>\n\t\t\t\t\t<div class=\"display-cell text-center-sm\">\n\t\t\t\t\t\t<h2  class=\"maintitle\">En el presente<\/h2>\n\t\t\t\t\t\t<p  class=\"mb0\">Con 110 hs. c\u00e1tedra estamos abocados a ampliar nuestra propuesta educativa dada la gran demanda de capacitaci\u00f3n. En 2019 tuvimos m\u00e1s de 350 egresados.<\/p>\n\t\t\t\t\t<\/div>\n\t\t\t\t\t<div class=\"display-cell text-center-sm text-right\"><\/div>\n\t\t\t\t<\/div>[\/vc_column][\/vc_row]<\/p>\n","protected":false},"excerpt":{"rendered":"<p>[vc_row full_width=\u00bbstretch_row\u00bb][vc_column][\/vc_column][\/vc_row][vc_row tlg_padding=\u00bbpb0&#8243;][vc_column width=\u00bb1\/2&#8243;][vc_column_text]La Uni\u00f3n Industrial de Ezeiza la forman Industrias que entendieron que juntos es mejor que uno. Empresas que sienten la responsabilidad social empresaria y eligen desarrollarla, involucr\u00e1ndose d\u00eda a d\u00eda. Creemos que la educaci\u00f3n es la llave del cambio, por esto nos enamoramos del proyecto y encontramos en la Direcci\u00f3n General de&#8230;<\/p>\n","protected":false},"author":2,"featured_media":0,"parent":0,"menu_order":0,"comment_status":"closed","ping_status":"closed","template":"","meta":{"_joinchat":[],"footnotes":""},"class_list":["post-8817","page","type-page","status-publish","hentry"],"yoast_head":"<!-- This site is optimized with the Yoast SEO plugin v27.3 - https:\/\/yoast.com\/product\/yoast-seo-wordpress\/ -->\n<title>Centro de Formaci\u00f3n Profesional - Uni\u00f3n Industrial de Ezeiza<\/title>\n<meta name=\"robots\" content=\"index, follow, max-snippet:-1, max-image-preview:large, max-video-preview:-1\" \/>\n<link rel=\"canonical\" href=\"https:\/\/uie.org.ar\/index.php\/centro-de-formacion\/\" \/>\n<meta property=\"og:locale\" content=\"es_ES\" \/>\n<meta property=\"og:type\" content=\"article\" \/>\n<meta property=\"og:title\" content=\"Centro de Formaci\u00f3n Profesional - Uni\u00f3n Industrial de Ezeiza\" \/>\n<meta property=\"og:description\" content=\"[vc_row full_width=\u00bbstretch_row\u00bb][vc_column][\/vc_column][\/vc_row][vc_row tlg_padding=\u00bbpb0&#8243;][vc_column width=\u00bb1\/2&#8243;][vc_column_text]La Uni\u00f3n Industrial de Ezeiza la forman Industrias que entendieron que juntos es mejor que uno. Empresas que sienten la responsabilidad social empresaria y eligen desarrollarla, involucr\u00e1ndose d\u00eda a d\u00eda. Creemos que la educaci\u00f3n es la llave del cambio, por esto nos enamoramos del proyecto y encontramos en la Direcci\u00f3n General de...\" \/>\n<meta property=\"og:url\" content=\"https:\/\/uie.org.ar\/index.php\/centro-de-formacion\/\" \/>\n<meta property=\"og:site_name\" content=\"Uni\u00f3n Industrial de Ezeiza\" \/>\n<meta property=\"article:modified_time\" content=\"2025-10-29T20:09:12+00:00\" \/>\n<meta name=\"twitter:card\" content=\"summary_large_image\" \/>\n<meta name=\"twitter:label1\" content=\"Tiempo de lectura\" \/>\n\t<meta name=\"twitter:data1\" content=\"3 minutos\" \/>\n<script type=\"application\/ld+json\" class=\"yoast-schema-graph\">{\"@context\":\"https:\\\/\\\/schema.org\",\"@graph\":[{\"@type\":\"WebPage\",\"@id\":\"https:\\\/\\\/uie.org.ar\\\/index.php\\\/centro-de-formacion\\\/\",\"url\":\"https:\\\/\\\/uie.org.ar\\\/index.php\\\/centro-de-formacion\\\/\",\"name\":\"Centro de Formaci\u00f3n Profesional - Uni\u00f3n Industrial de Ezeiza\",\"isPartOf\":{\"@id\":\"https:\\\/\\\/uie.org.ar\\\/#website\"},\"datePublished\":\"2020-01-08T22:52:36+00:00\",\"dateModified\":\"2025-10-29T20:09:12+00:00\",\"breadcrumb\":{\"@id\":\"https:\\\/\\\/uie.org.ar\\\/index.php\\\/centro-de-formacion\\\/#breadcrumb\"},\"inLanguage\":\"es\",\"potentialAction\":[{\"@type\":\"ReadAction\",\"target\":[\"https:\\\/\\\/uie.org.ar\\\/index.php\\\/centro-de-formacion\\\/\"]}]},{\"@type\":\"BreadcrumbList\",\"@id\":\"https:\\\/\\\/uie.org.ar\\\/index.php\\\/centro-de-formacion\\\/#breadcrumb\",\"itemListElement\":[{\"@type\":\"ListItem\",\"position\":1,\"name\":\"Home\",\"item\":\"https:\\\/\\\/uie.org.ar\\\/\"},{\"@type\":\"ListItem\",\"position\":2,\"name\":\"Centro de Formaci\u00f3n Profesional\"}]},{\"@type\":\"WebSite\",\"@id\":\"https:\\\/\\\/uie.org.ar\\\/#website\",\"url\":\"https:\\\/\\\/uie.org.ar\\\/\",\"name\":\"Uni\u00f3n Industrial de Ezeiza\",\"description\":\"Sitio oficial de la UIE\",\"potentialAction\":[{\"@type\":\"SearchAction\",\"target\":{\"@type\":\"EntryPoint\",\"urlTemplate\":\"https:\\\/\\\/uie.org.ar\\\/?s={search_term_string}\"},\"query-input\":{\"@type\":\"PropertyValueSpecification\",\"valueRequired\":true,\"valueName\":\"search_term_string\"}}],\"inLanguage\":\"es\"}]}<\/script>\n<!-- \/ Yoast SEO plugin. -->","yoast_head_json":{"title":"Centro de Formaci\u00f3n Profesional - Uni\u00f3n Industrial de Ezeiza","robots":{"index":"index","follow":"follow","max-snippet":"max-snippet:-1","max-image-preview":"max-image-preview:large","max-video-preview":"max-video-preview:-1"},"canonical":"https:\/\/uie.org.ar\/index.php\/centro-de-formacion\/","og_locale":"es_ES","og_type":"article","og_title":"Centro de Formaci\u00f3n Profesional - Uni\u00f3n Industrial de Ezeiza","og_description":"[vc_row full_width=\u00bbstretch_row\u00bb][vc_column][\/vc_column][\/vc_row][vc_row tlg_padding=\u00bbpb0&#8243;][vc_column width=\u00bb1\/2&#8243;][vc_column_text]La Uni\u00f3n Industrial de Ezeiza la forman Industrias que entendieron que juntos es mejor que uno. Empresas que sienten la responsabilidad social empresaria y eligen desarrollarla, involucr\u00e1ndose d\u00eda a d\u00eda. Creemos que la educaci\u00f3n es la llave del cambio, por esto nos enamoramos del proyecto y encontramos en la Direcci\u00f3n General de...","og_url":"https:\/\/uie.org.ar\/index.php\/centro-de-formacion\/","og_site_name":"Uni\u00f3n Industrial de Ezeiza","article_modified_time":"2025-10-29T20:09:12+00:00","twitter_card":"summary_large_image","twitter_misc":{"Tiempo de lectura":"3 minutos"},"schema":{"@context":"https:\/\/schema.org","@graph":[{"@type":"WebPage","@id":"https:\/\/uie.org.ar\/index.php\/centro-de-formacion\/","url":"https:\/\/uie.org.ar\/index.php\/centro-de-formacion\/","name":"Centro de Formaci\u00f3n Profesional - Uni\u00f3n Industrial de Ezeiza","isPartOf":{"@id":"https:\/\/uie.org.ar\/#website"},"datePublished":"2020-01-08T22:52:36+00:00","dateModified":"2025-10-29T20:09:12+00:00","breadcrumb":{"@id":"https:\/\/uie.org.ar\/index.php\/centro-de-formacion\/#breadcrumb"},"inLanguage":"es","potentialAction":[{"@type":"ReadAction","target":["https:\/\/uie.org.ar\/index.php\/centro-de-formacion\/"]}]},{"@type":"BreadcrumbList","@id":"https:\/\/uie.org.ar\/index.php\/centro-de-formacion\/#breadcrumb","itemListElement":[{"@type":"ListItem","position":1,"name":"Home","item":"https:\/\/uie.org.ar\/"},{"@type":"ListItem","position":2,"name":"Centro de Formaci\u00f3n Profesional"}]},{"@type":"WebSite","@id":"https:\/\/uie.org.ar\/#website","url":"https:\/\/uie.org.ar\/","name":"Uni\u00f3n Industrial de Ezeiza","description":"Sitio oficial de la UIE","potentialAction":[{"@type":"SearchAction","target":{"@type":"EntryPoint","urlTemplate":"https:\/\/uie.org.ar\/?s={search_term_string}"},"query-input":{"@type":"PropertyValueSpecification","valueRequired":true,"valueName":"search_term_string"}}],"inLanguage":"es"}]}},"_links":{"self":[{"href":"https:\/\/uie.org.ar\/index.php\/wp-json\/wp\/v2\/pages\/8817","targetHints":{"allow":["GET"]}}],"collection":[{"href":"https:\/\/uie.org.ar\/index.php\/wp-json\/wp\/v2\/pages"}],"about":[{"href":"https:\/\/uie.org.ar\/index.php\/wp-json\/wp\/v2\/types\/page"}],"author":[{"embeddable":true,"href":"https:\/\/uie.org.ar\/index.php\/wp-json\/wp\/v2\/users\/2"}],"replies":[{"embeddable":true,"href":"https:\/\/uie.org.ar\/index.php\/wp-json\/wp\/v2\/comments?post=8817"}],"version-history":[{"count":52,"href":"https:\/\/uie.org.ar\/index.php\/wp-json\/wp\/v2\/pages\/8817\/revisions"}],"predecessor-version":[{"id":9690,"href":"https:\/\/uie.org.ar\/index.php\/wp-json\/wp\/v2\/pages\/8817\/revisions\/9690"}],"wp:attachment":[{"href":"https:\/\/uie.org.ar\/index.php\/wp-json\/wp\/v2\/media?parent=8817"}],"curies":[{"name":"wp","href":"https:\/\/api.w.org\/{rel}","templated":true}]}}