{"id":9299,"date":"2022-08-28T15:25:56","date_gmt":"2022-08-28T15:25:56","guid":{"rendered":"https:\/\/uie.org.ar\/?page_id=9299"},"modified":"2022-09-01T11:25:43","modified_gmt":"2022-09-01T11:25:43","slug":"nuestros-cursos","status":"publish","type":"page","link":"https:\/\/uie.org.ar\/index.php\/nuestros-cursos\/","title":{"rendered":"Nuestros Cursos"},"content":{"rendered":"<p>[vc_row full_width=\u00bbstretch_row\u00bb][vc_column]<section  id=\"single-69ff31daa4246\" class=\"header-single vertical-flex m0 image-bg parallax pt180 pb180 pt-xs-80 pb-xs-80\" ><div class=\"background-content \"><img loading=\"lazy\" decoding=\"async\" width=\"1920\" height=\"1226\" src=\"https:\/\/uie.org.ar\/wp-content\/uploads\/2020\/01\/centro-de-formacion-edificio.jpg\" class=\"background-image\" alt=\"page-header\" srcset=\"https:\/\/uie.org.ar\/wp-content\/uploads\/2020\/01\/centro-de-formacion-edificio.jpg 1920w, https:\/\/uie.org.ar\/wp-content\/uploads\/2020\/01\/centro-de-formacion-edificio-300x192.jpg 300w, https:\/\/uie.org.ar\/wp-content\/uploads\/2020\/01\/centro-de-formacion-edificio-1024x654.jpg 1024w, https:\/\/uie.org.ar\/wp-content\/uploads\/2020\/01\/centro-de-formacion-edificio-768x490.jpg 768w, https:\/\/uie.org.ar\/wp-content\/uploads\/2020\/01\/centro-de-formacion-edificio-1536x981.jpg 1536w\" sizes=\"auto, (max-width: 1920px) 100vw, 1920px\" \/><div  class=\"background-overlay\"><\/div><\/div><div  class=\"container vertical-flex-column item-content \">\n\t\t\t            <div class=\"row\"><div class=\"standard-slide p0 col-lg-12 col-lg-offset-0 col-md-10 col-md-offset-1 col-sm-12 text-center\"><h1 style=\"text-shadow:none;font-size:52px;line-height:62px;text-transform: none!important;\" class=\"heading-title-standard\">Nuestros Cursos<\/h1><div style=\"text-shadow:none;text-transform: none!important;\" class=\"heading-content\"><\/div><div class=\"mt24 mt-xs-8 \"><a  id=\"btn-69ff31daa4247\"  class=\" m0 btn btn-filled btn-light btn-rounded   btn-sm-sm \"  href= \"https:\/\/www.instagram.com\/cfp402ezeiza\/\" target=' _blank' >Informaci\u00f3n del Ciclo Lectivo<\/a><\/div>\n                <\/div><\/div><\/div><\/section>[\/vc_column][\/vc_row][vc_row tlg_padding=\u00bbpb0&#8243; el_id=\u00bbcursos\u00bb][vc_column width=\u00bb2\/3&#8243;]<div class=\"headings-title \"><div class=\"mb70 mb-xs-40 text-left\"><div class=\"section-label\"><div class=\"gray-color s-text\">01 \u2014<\/div><h5  class=\"widgettitle mb0 uppercase-force s-text\"> Nuestros cursos<\/h5><\/div><div class=\"container container-content\"><h2 >Algunos de nuestros cursos<\/h2><\/div><\/div><\/div>[\/vc_column][vc_column width=\u00bb1\/3&#8243;][vc_single_image image=\u00bb9063&#8243; img_size=\u00bbmedium\u00bb][\/vc_column][\/vc_row][vc_row tlg_padding=\u00bbpt64 pb64&#8243;][vc_column width=\u00bb1\/3&#8243;]<div class=\" image-captions\"><a href= \"https:\/\/www.instagram.com\/cfp402ezeiza\/\" target=' _blank' ><div class=\"image-caption overlay-caption visible-caption\"><img loading=\"lazy\" decoding=\"async\" width=\"700\" height=\"467\" src=\"https:\/\/uie.org.ar\/wp-content\/uploads\/2022\/09\/autoelevador.jpg\" class=\"attachment-full size-full\" alt=\"\" srcset=\"https:\/\/uie.org.ar\/wp-content\/uploads\/2022\/09\/autoelevador.jpg 700w, https:\/\/uie.org.ar\/wp-content\/uploads\/2022\/09\/autoelevador-300x200.jpg 300w\" sizes=\"auto, (max-width: 700px) 100vw, 700px\" \/><div  class=\"caption\"><h5 style=\"font-size:25px;line-height:35px;\" class=\"widgettitle mb0\">OPERADOR DE AUTOELEVADOR<\/h5><div  class=\"widgetsubtitle\">Inscribite ahora!<\/div><span class=\"btn--icon\">Informaci\u00f3n del curso<i class=\"ti-angle-right\"><\/i><\/span><\/div><\/div><\/a><\/div>[\/vc_column][vc_column width=\u00bb1\/3&#8243;]<div class=\" image-captions\"><a href= \"https:\/\/www.instagram.com\/cfp402ezeiza\/\" target=' _blank' ><div class=\"image-caption overlay-caption visible-caption\"><img loading=\"lazy\" decoding=\"async\" width=\"700\" height=\"467\" src=\"https:\/\/uie.org.ar\/wp-content\/uploads\/2022\/09\/electricista-instalador.jpg\" class=\"attachment-full size-full\" alt=\"\" srcset=\"https:\/\/uie.org.ar\/wp-content\/uploads\/2022\/09\/electricista-instalador.jpg 700w, https:\/\/uie.org.ar\/wp-content\/uploads\/2022\/09\/electricista-instalador-300x200.jpg 300w\" sizes=\"auto, (max-width: 700px) 100vw, 700px\" \/><div  class=\"caption\"><h5 style=\"font-size:25px;line-height:35px;\" class=\"widgettitle mb0\">ELECTRICISTA INSTALADOR<\/h5><div  class=\"widgetsubtitle\">Inscribite ahora!<\/div><span class=\"btn--icon\">Informaci\u00f3n del curso<i class=\"ti-angle-right\"><\/i><\/span><\/div><\/div><\/a><\/div>[\/vc_column][vc_column width=\u00bb1\/3&#8243;]<div class=\" image-captions\"><a href= \"https:\/\/www.instagram.com\/cfp402ezeiza\/\" target=' _blank' ><div class=\"image-caption overlay-caption visible-caption\"><img loading=\"lazy\" decoding=\"async\" width=\"700\" height=\"467\" src=\"https:\/\/uie.org.ar\/wp-content\/uploads\/2022\/08\/electricista-industrial.jpg\" class=\"attachment-full size-full\" alt=\"\" srcset=\"https:\/\/uie.org.ar\/wp-content\/uploads\/2022\/08\/electricista-industrial.jpg 700w, https:\/\/uie.org.ar\/wp-content\/uploads\/2022\/08\/electricista-industrial-300x200.jpg 300w\" sizes=\"auto, (max-width: 700px) 100vw, 700px\" \/><div  class=\"caption\"><h5 style=\"font-size:25px;line-height:35px;\" class=\"widgettitle mb0\">ELECTRICISTA INDUSTRIAL<\/h5><div  class=\"widgetsubtitle\">Inscribite ahora!<\/div><span class=\"btn--icon\">Informaci\u00f3n del curso<i class=\"ti-angle-right\"><\/i><\/span><\/div><\/div><\/a><\/div>[\/vc_column][\/vc_row][vc_row tlg_padding=\u00bbpt64 pb64&#8243;][vc_column width=\u00bb1\/3&#8243;]<div class=\" image-captions\"><a href= \"https:\/\/www.instagram.com\/cfp402ezeiza\/\" target=' _blank' ><div class=\"image-caption overlay-caption visible-caption\"><img loading=\"lazy\" decoding=\"async\" width=\"700\" height=\"467\" src=\"https:\/\/uie.org.ar\/wp-content\/uploads\/2022\/09\/electricista-industrial.jpg\" class=\"attachment-full size-full\" alt=\"\" srcset=\"https:\/\/uie.org.ar\/wp-content\/uploads\/2022\/09\/electricista-industrial.jpg 700w, https:\/\/uie.org.ar\/wp-content\/uploads\/2022\/09\/electricista-industrial-300x200.jpg 300w\" sizes=\"auto, (max-width: 700px) 100vw, 700px\" \/><div  class=\"caption\"><h5 style=\"font-size:25px;line-height:35px;\" class=\"widgettitle mb0\">MONTADOR ELECTRICISTA<\/h5><div  class=\"widgetsubtitle\">Inscribite ahora!<\/div><span class=\"btn--icon\">Informaci\u00f3n del curso<i class=\"ti-angle-right\"><\/i><\/span><\/div><\/div><\/a><\/div>[\/vc_column][vc_column width=\u00bb1\/3&#8243;]<div class=\" image-captions\"><a href= \"https:\/\/www.instagram.com\/cfp402ezeiza\/\" target=' _blank' ><div class=\"image-caption overlay-caption visible-caption\"><img loading=\"lazy\" decoding=\"async\" width=\"700\" height=\"467\" src=\"https:\/\/uie.org.ar\/wp-content\/uploads\/2022\/09\/seguridad.jpg\" class=\"attachment-full size-full\" alt=\"\" srcset=\"https:\/\/uie.org.ar\/wp-content\/uploads\/2022\/09\/seguridad.jpg 700w, https:\/\/uie.org.ar\/wp-content\/uploads\/2022\/09\/seguridad-300x200.jpg 300w\" sizes=\"auto, (max-width: 700px) 100vw, 700px\" \/><div  class=\"caption\"><h5 style=\"font-size:25px;line-height:35px;\" class=\"widgettitle mb0\">SEGURIDAD E HIGIENE INDUSTRIAL<\/h5><div  class=\"widgetsubtitle\">Inscribite ahora!<\/div><span class=\"btn--icon\">Informaci\u00f3n del curso<i class=\"ti-angle-right\"><\/i><\/span><\/div><\/div><\/a><\/div>[\/vc_column][vc_column width=\u00bb1\/3&#8243;]<div class=\" image-captions\"><a href= \"https:\/\/www.instagram.com\/cfp402ezeiza\/\" target=' _blank' ><div class=\"image-caption overlay-caption visible-caption\"><img loading=\"lazy\" decoding=\"async\" width=\"700\" height=\"467\" src=\"https:\/\/uie.org.ar\/wp-content\/uploads\/2022\/09\/soldador.jpg\" class=\"attachment-full size-full\" alt=\"\" srcset=\"https:\/\/uie.org.ar\/wp-content\/uploads\/2022\/09\/soldador.jpg 700w, https:\/\/uie.org.ar\/wp-content\/uploads\/2022\/09\/soldador-300x200.jpg 300w\" sizes=\"auto, (max-width: 700px) 100vw, 700px\" \/><div  class=\"caption\"><h5 style=\"font-size:25px;line-height:35px;\" class=\"widgettitle mb0\">SOLDADOR B\u00c1SICO<\/h5><div  class=\"widgetsubtitle\">Inscribite ahora!<\/div><span class=\"btn--icon\">Informaci\u00f3n del curso<i class=\"ti-angle-right\"><\/i><\/span><\/div><\/div><\/a><\/div>[\/vc_column][\/vc_row][vc_row tlg_padding=\u00bbpt64 pb64&#8243;][vc_column width=\u00bb1\/3&#8243;]<div class=\" image-captions\"><a href= \"https:\/\/www.instagram.com\/cfp402ezeiza\/\" target=' _blank' ><div class=\"image-caption overlay-caption visible-caption\"><img loading=\"lazy\" decoding=\"async\" width=\"700\" height=\"467\" src=\"https:\/\/uie.org.ar\/wp-content\/uploads\/2022\/09\/soldador-mig.jpg\" class=\"attachment-full size-full\" alt=\"\" srcset=\"https:\/\/uie.org.ar\/wp-content\/uploads\/2022\/09\/soldador-mig.jpg 700w, https:\/\/uie.org.ar\/wp-content\/uploads\/2022\/09\/soldador-mig-300x200.jpg 300w\" sizes=\"auto, (max-width: 700px) 100vw, 700px\" \/><div  class=\"caption\"><h5 style=\"font-size:25px;line-height:35px;\" class=\"widgettitle mb0\">SOLDADOR EQUIPOS MIG Y TIG<\/h5><div  class=\"widgetsubtitle\">Inscribite ahora!<\/div><span class=\"btn--icon\">Informaci\u00f3n del curso<i class=\"ti-angle-right\"><\/i><\/span><\/div><\/div><\/a><\/div>[\/vc_column][vc_column width=\u00bb1\/3&#8243;]<div class=\" image-captions\"><a href= \"https:\/\/www.instagram.com\/cfp402ezeiza\/\" target=' _blank' ><div class=\"image-caption overlay-caption visible-caption\"><img loading=\"lazy\" decoding=\"async\" width=\"700\" height=\"467\" src=\"https:\/\/uie.org.ar\/wp-content\/uploads\/2022\/09\/torneria.jpg\" class=\"attachment-full size-full\" alt=\"\" srcset=\"https:\/\/uie.org.ar\/wp-content\/uploads\/2022\/09\/torneria.jpg 700w, https:\/\/uie.org.ar\/wp-content\/uploads\/2022\/09\/torneria-300x200.jpg 300w\" sizes=\"auto, (max-width: 700px) 100vw, 700px\" \/><div  class=\"caption\"><h5 style=\"font-size:25px;line-height:35px;\" class=\"widgettitle mb0\">TORNER\u00cdA<\/h5><div  class=\"widgetsubtitle\">Inscribite ahora!<\/div><span class=\"btn--icon\">Informaci\u00f3n del curso<i class=\"ti-angle-right\"><\/i><\/span><\/div><\/div><\/a><\/div>[\/vc_column][vc_column width=\u00bb1\/3&#8243;]<div class=\" image-captions\"><a href= \"https:\/\/www.instagram.com\/cfp402ezeiza\/\" target=' _blank' ><div class=\"image-caption overlay-caption visible-caption\"><img loading=\"lazy\" decoding=\"async\" width=\"600\" height=\"399\" src=\"https:\/\/uie.org.ar\/wp-content\/uploads\/2022\/08\/centro-mecanizado.webp\" class=\"attachment-full size-full\" alt=\"\" srcset=\"https:\/\/uie.org.ar\/wp-content\/uploads\/2022\/08\/centro-mecanizado.webp 600w, https:\/\/uie.org.ar\/wp-content\/uploads\/2022\/08\/centro-mecanizado-300x200.webp 300w\" sizes=\"auto, (max-width: 600px) 100vw, 600px\" \/><div  class=\"caption\"><h5 style=\"font-size:25px;line-height:35px;\" class=\"widgettitle mb0\">T\u00c9CNICO EN CENTROS MECANIZADOS<\/h5><div  class=\"widgetsubtitle\">Inscribite ahora!<\/div><span class=\"btn--icon\">Informaci\u00f3n del curso<i class=\"ti-angle-right\"><\/i><\/span><\/div><\/div><\/a><\/div>[\/vc_column][\/vc_row][vc_row tlg_padding=\u00bbpt64 pb64&#8243;][vc_column width=\u00bb1\/3&#8243;]<div class=\" image-captions\"><a href= \"https:\/\/www.instagram.com\/cfp402ezeiza\/\" target=' _blank' ><div class=\"image-caption overlay-caption visible-caption\"><img loading=\"lazy\" decoding=\"async\" width=\"700\" height=\"467\" src=\"https:\/\/uie.org.ar\/wp-content\/uploads\/2022\/09\/operador-pc.jpg\" class=\"attachment-full size-full\" alt=\"\" srcset=\"https:\/\/uie.org.ar\/wp-content\/uploads\/2022\/09\/operador-pc.jpg 700w, https:\/\/uie.org.ar\/wp-content\/uploads\/2022\/09\/operador-pc-300x200.jpg 300w\" sizes=\"auto, (max-width: 700px) 100vw, 700px\" \/><div  class=\"caption\"><h5 style=\"font-size:25px;line-height:35px;\" class=\"widgettitle mb0\">OPERADOR DE PC Nivel 1 y 2<\/h5><div  class=\"widgetsubtitle\">Inscribite ahora!<\/div><span class=\"btn--icon\">Informaci\u00f3n del curso<i class=\"ti-angle-right\"><\/i><\/span><\/div><\/div><\/a><\/div>[\/vc_column][vc_column width=\u00bb1\/3&#8243;]<div class=\" image-captions\"><a href= \"https:\/\/www.instagram.com\/cfp402ezeiza\/\" target=' _blank' ><div class=\"image-caption overlay-caption visible-caption\"><img loading=\"lazy\" decoding=\"async\" width=\"700\" height=\"467\" src=\"https:\/\/uie.org.ar\/wp-content\/uploads\/2022\/09\/diseno-web.jpg\" class=\"attachment-full size-full\" alt=\"\" srcset=\"https:\/\/uie.org.ar\/wp-content\/uploads\/2022\/09\/diseno-web.jpg 700w, https:\/\/uie.org.ar\/wp-content\/uploads\/2022\/09\/diseno-web-300x200.jpg 300w\" sizes=\"auto, (max-width: 700px) 100vw, 700px\" \/><div  class=\"caption\"><h5 style=\"font-size:25px;line-height:35px;\" class=\"widgettitle mb0\">DISE\u00d1O DE P\u00c1GINAS WEB<\/h5><div  class=\"widgetsubtitle\">Inscribite ahora!<\/div><span class=\"btn--icon\">Informaci\u00f3n del curso<i class=\"ti-angle-right\"><\/i><\/span><\/div><\/div><\/a><\/div>[\/vc_column][vc_column width=\u00bb1\/3&#8243;]<div class=\" image-captions\"><a href= \"https:\/\/www.instagram.com\/cfp402ezeiza\/\" target=' _blank' ><div class=\"image-caption overlay-caption visible-caption\"><img loading=\"lazy\" decoding=\"async\" width=\"700\" height=\"467\" src=\"https:\/\/uie.org.ar\/wp-content\/uploads\/2022\/09\/plc-1024x576-1.jpg\" class=\"attachment-full size-full\" alt=\"\" srcset=\"https:\/\/uie.org.ar\/wp-content\/uploads\/2022\/09\/plc-1024x576-1.jpg 700w, https:\/\/uie.org.ar\/wp-content\/uploads\/2022\/09\/plc-1024x576-1-300x200.jpg 300w\" sizes=\"auto, (max-width: 700px) 100vw, 700px\" \/><div  class=\"caption\"><h5 style=\"font-size:25px;line-height:35px;\" class=\"widgettitle mb0\">CURSOS DE PLC<\/h5><div  class=\"widgetsubtitle\">Inscribite ahora!<\/div><span class=\"btn--icon\">Informaci\u00f3n del curso<i class=\"ti-angle-right\"><\/i><\/span><\/div><\/div><\/a><\/div>[\/vc_column][\/vc_row][vc_row tlg_padding=\u00bbpt64 pb64&#8243;][vc_column width=\u00bb1\/3&#8243;]<div class=\" image-captions\"><a href= \"https:\/\/www.instagram.com\/cfp402ezeiza\/\" target=' _blank' ><div class=\"image-caption overlay-caption visible-caption\"><img loading=\"lazy\" decoding=\"async\" width=\"700\" height=\"467\" src=\"https:\/\/uie.org.ar\/wp-content\/uploads\/2022\/09\/ingles.jpg\" class=\"attachment-full size-full\" alt=\"\" srcset=\"https:\/\/uie.org.ar\/wp-content\/uploads\/2022\/09\/ingles.jpg 700w, https:\/\/uie.org.ar\/wp-content\/uploads\/2022\/09\/ingles-300x200.jpg 300w\" sizes=\"auto, (max-width: 700px) 100vw, 700px\" \/><div  class=\"caption\"><h5 style=\"font-size:25px;line-height:35px;\" class=\"widgettitle mb0\">CURSOS DE INGL\u00c9S Nivel 1<\/h5><div  class=\"widgetsubtitle\">Inscribite ahora!<\/div><span class=\"btn--icon\">Informaci\u00f3n del curso<i class=\"ti-angle-right\"><\/i><\/span><\/div><\/div><\/a><\/div>[\/vc_column][vc_column width=\u00bb1\/3&#8243;]<div class=\" image-captions\"><a href= \"https:\/\/www.instagram.com\/cfp402ezeiza\/\" target=' _blank' ><div class=\"image-caption overlay-caption visible-caption\"><img loading=\"lazy\" decoding=\"async\" width=\"700\" height=\"467\" src=\"https:\/\/uie.org.ar\/wp-content\/uploads\/2022\/09\/redes-sociales.jpg\" class=\"attachment-full size-full\" alt=\"\" srcset=\"https:\/\/uie.org.ar\/wp-content\/uploads\/2022\/09\/redes-sociales.jpg 700w, https:\/\/uie.org.ar\/wp-content\/uploads\/2022\/09\/redes-sociales-300x200.jpg 300w\" sizes=\"auto, (max-width: 700px) 100vw, 700px\" \/><div  class=\"caption\"><h5 style=\"font-size:25px;line-height:35px;\" class=\"widgettitle mb0\">CURSO DE MANEJO EN REDES SOCIALES<\/h5><div  class=\"widgetsubtitle\">Inscribite ahora!<\/div><span class=\"btn--icon\">Informaci\u00f3n del curso<i class=\"ti-angle-right\"><\/i><\/span><\/div><\/div><\/a><\/div>[\/vc_column][vc_column width=\u00bb1\/3&#8243;][\/vc_column][\/vc_row][vc_row tlg_background_style=\u00bbbg-primary\u00bb tlg_padding=\u00bbpt64 pb64&#8243;][vc_column]<div class=\"display-table action-box\"><div class=\"display-cell display-none-sm display-icon\"><i  class=\"fade-color ms-text ti-pencil-alt icon\"><\/i><\/div>\n\t\t\t\t\t<div class=\"display-cell text-center-sm\">\n\t\t\t\t\t\t<h2  class=\"maintitle\">En el presente<\/h2>\n\t\t\t\t\t\t<p  class=\"mb0\">Con 110 hs. c\u00e1tedra estamos abocados a ampliar nuestra propuesta educativa dada la gran demanda de capacitaci\u00f3n. En 2019 tuvimos m\u00e1s de 350 egresados.<\/p>\n\t\t\t\t\t<\/div>\n\t\t\t\t\t<div class=\"display-cell text-center-sm text-right\"><\/div>\n\t\t\t\t<\/div>[\/vc_column][\/vc_row]<\/p>\n","protected":false},"excerpt":{"rendered":"<p>[vc_row full_width=\u00bbstretch_row\u00bb][vc_column][\/vc_column][\/vc_row][vc_row tlg_padding=\u00bbpb0&#8243; el_id=\u00bbcursos\u00bb][vc_column width=\u00bb2\/3&#8243;][\/vc_column][vc_column width=\u00bb1\/3&#8243;][vc_single_image image=\u00bb9063&#8243; img_size=\u00bbmedium\u00bb][\/vc_column][\/vc_row][vc_row tlg_padding=\u00bbpt64 pb64&#8243;][vc_column width=\u00bb1\/3&#8243;][\/vc_column][vc_column width=\u00bb1\/3&#8243;][\/vc_column][vc_column width=\u00bb1\/3&#8243;][\/vc_column][\/vc_row][vc_row tlg_padding=\u00bbpt64 pb64&#8243;][vc_column width=\u00bb1\/3&#8243;][\/vc_column][vc_column width=\u00bb1\/3&#8243;][\/vc_column][vc_column width=\u00bb1\/3&#8243;][\/vc_column][\/vc_row][vc_row tlg_padding=\u00bbpt64 pb64&#8243;][vc_column width=\u00bb1\/3&#8243;][\/vc_column][vc_column width=\u00bb1\/3&#8243;][\/vc_column][vc_column width=\u00bb1\/3&#8243;][\/vc_column][\/vc_row][vc_row tlg_padding=\u00bbpt64 pb64&#8243;][vc_column width=\u00bb1\/3&#8243;][\/vc_column][vc_column width=\u00bb1\/3&#8243;][\/vc_column][vc_column width=\u00bb1\/3&#8243;][\/vc_column][\/vc_row][vc_row tlg_padding=\u00bbpt64 pb64&#8243;][vc_column width=\u00bb1\/3&#8243;][\/vc_column][vc_column width=\u00bb1\/3&#8243;][\/vc_column][vc_column width=\u00bb1\/3&#8243;][\/vc_column][\/vc_row][vc_row tlg_background_style=\u00bbbg-primary\u00bb tlg_padding=\u00bbpt64 pb64&#8243;][vc_column][\/vc_column][\/vc_row]<\/p>\n","protected":false},"author":1,"featured_media":0,"parent":0,"menu_order":0,"comment_status":"closed","ping_status":"closed","template":"","meta":{"_joinchat":[],"footnotes":""},"class_list":["post-9299","page","type-page","status-publish","hentry"],"yoast_head":"<!-- This site is optimized with the Yoast SEO plugin v27.3 - https:\/\/yoast.com\/product\/yoast-seo-wordpress\/ -->\n<title>Nuestros Cursos - Uni\u00f3n Industrial de Ezeiza<\/title>\n<meta name=\"robots\" content=\"index, follow, max-snippet:-1, max-image-preview:large, max-video-preview:-1\" \/>\n<link rel=\"canonical\" href=\"https:\/\/uie.org.ar\/index.php\/nuestros-cursos\/\" \/>\n<meta property=\"og:locale\" content=\"es_ES\" \/>\n<meta property=\"og:type\" content=\"article\" \/>\n<meta property=\"og:title\" content=\"Nuestros Cursos - Uni\u00f3n Industrial de Ezeiza\" \/>\n<meta property=\"og:description\" content=\"[vc_row full_width=\u00bbstretch_row\u00bb][vc_column][\/vc_column][\/vc_row][vc_row tlg_padding=\u00bbpb0&#8243; el_id=\u00bbcursos\u00bb][vc_column width=\u00bb2\/3&#8243;][\/vc_column][vc_column width=\u00bb1\/3&#8243;][vc_single_image image=\u00bb9063&#8243; img_size=\u00bbmedium\u00bb][\/vc_column][\/vc_row][vc_row tlg_padding=\u00bbpt64 pb64&#8243;][vc_column width=\u00bb1\/3&#8243;][\/vc_column][vc_column width=\u00bb1\/3&#8243;][\/vc_column][vc_column width=\u00bb1\/3&#8243;][\/vc_column][\/vc_row][vc_row tlg_padding=\u00bbpt64 pb64&#8243;][vc_column width=\u00bb1\/3&#8243;][\/vc_column][vc_column width=\u00bb1\/3&#8243;][\/vc_column][vc_column width=\u00bb1\/3&#8243;][\/vc_column][\/vc_row][vc_row tlg_padding=\u00bbpt64 pb64&#8243;][vc_column width=\u00bb1\/3&#8243;][\/vc_column][vc_column width=\u00bb1\/3&#8243;][\/vc_column][vc_column width=\u00bb1\/3&#8243;][\/vc_column][\/vc_row][vc_row tlg_padding=\u00bbpt64 pb64&#8243;][vc_column width=\u00bb1\/3&#8243;][\/vc_column][vc_column width=\u00bb1\/3&#8243;][\/vc_column][vc_column width=\u00bb1\/3&#8243;][\/vc_column][\/vc_row][vc_row tlg_padding=\u00bbpt64 pb64&#8243;][vc_column width=\u00bb1\/3&#8243;][\/vc_column][vc_column width=\u00bb1\/3&#8243;][\/vc_column][vc_column width=\u00bb1\/3&#8243;][\/vc_column][\/vc_row][vc_row tlg_background_style=\u00bbbg-primary\u00bb tlg_padding=\u00bbpt64 pb64&#8243;][vc_column][\/vc_column][\/vc_row]\" \/>\n<meta property=\"og:url\" content=\"https:\/\/uie.org.ar\/index.php\/nuestros-cursos\/\" \/>\n<meta property=\"og:site_name\" content=\"Uni\u00f3n Industrial de Ezeiza\" \/>\n<meta property=\"article:modified_time\" content=\"2022-09-01T11:25:43+00:00\" \/>\n<meta name=\"twitter:card\" content=\"summary_large_image\" \/>\n<meta name=\"twitter:label1\" content=\"Tiempo de lectura\" \/>\n\t<meta name=\"twitter:data1\" content=\"2 minutos\" \/>\n<script type=\"application\/ld+json\" class=\"yoast-schema-graph\">{\"@context\":\"https:\\\/\\\/schema.org\",\"@graph\":[{\"@type\":\"WebPage\",\"@id\":\"https:\\\/\\\/uie.org.ar\\\/index.php\\\/nuestros-cursos\\\/\",\"url\":\"https:\\\/\\\/uie.org.ar\\\/index.php\\\/nuestros-cursos\\\/\",\"name\":\"Nuestros Cursos - Uni\u00f3n Industrial de Ezeiza\",\"isPartOf\":{\"@id\":\"https:\\\/\\\/uie.org.ar\\\/#website\"},\"datePublished\":\"2022-08-28T15:25:56+00:00\",\"dateModified\":\"2022-09-01T11:25:43+00:00\",\"breadcrumb\":{\"@id\":\"https:\\\/\\\/uie.org.ar\\\/index.php\\\/nuestros-cursos\\\/#breadcrumb\"},\"inLanguage\":\"es\",\"potentialAction\":[{\"@type\":\"ReadAction\",\"target\":[\"https:\\\/\\\/uie.org.ar\\\/index.php\\\/nuestros-cursos\\\/\"]}]},{\"@type\":\"BreadcrumbList\",\"@id\":\"https:\\\/\\\/uie.org.ar\\\/index.php\\\/nuestros-cursos\\\/#breadcrumb\",\"itemListElement\":[{\"@type\":\"ListItem\",\"position\":1,\"name\":\"Home\",\"item\":\"https:\\\/\\\/uie.org.ar\\\/\"},{\"@type\":\"ListItem\",\"position\":2,\"name\":\"Nuestros Cursos\"}]},{\"@type\":\"WebSite\",\"@id\":\"https:\\\/\\\/uie.org.ar\\\/#website\",\"url\":\"https:\\\/\\\/uie.org.ar\\\/\",\"name\":\"Uni\u00f3n Industrial de Ezeiza\",\"description\":\"Sitio oficial de la UIE\",\"potentialAction\":[{\"@type\":\"SearchAction\",\"target\":{\"@type\":\"EntryPoint\",\"urlTemplate\":\"https:\\\/\\\/uie.org.ar\\\/?s={search_term_string}\"},\"query-input\":{\"@type\":\"PropertyValueSpecification\",\"valueRequired\":true,\"valueName\":\"search_term_string\"}}],\"inLanguage\":\"es\"}]}<\/script>\n<!-- \/ Yoast SEO plugin. -->","yoast_head_json":{"title":"Nuestros Cursos - Uni\u00f3n Industrial de Ezeiza","robots":{"index":"index","follow":"follow","max-snippet":"max-snippet:-1","max-image-preview":"max-image-preview:large","max-video-preview":"max-video-preview:-1"},"canonical":"https:\/\/uie.org.ar\/index.php\/nuestros-cursos\/","og_locale":"es_ES","og_type":"article","og_title":"Nuestros Cursos - Uni\u00f3n Industrial de Ezeiza","og_description":"[vc_row full_width=\u00bbstretch_row\u00bb][vc_column][\/vc_column][\/vc_row][vc_row tlg_padding=\u00bbpb0&#8243; el_id=\u00bbcursos\u00bb][vc_column width=\u00bb2\/3&#8243;][\/vc_column][vc_column width=\u00bb1\/3&#8243;][vc_single_image image=\u00bb9063&#8243; img_size=\u00bbmedium\u00bb][\/vc_column][\/vc_row][vc_row tlg_padding=\u00bbpt64 pb64&#8243;][vc_column width=\u00bb1\/3&#8243;][\/vc_column][vc_column width=\u00bb1\/3&#8243;][\/vc_column][vc_column width=\u00bb1\/3&#8243;][\/vc_column][\/vc_row][vc_row tlg_padding=\u00bbpt64 pb64&#8243;][vc_column width=\u00bb1\/3&#8243;][\/vc_column][vc_column width=\u00bb1\/3&#8243;][\/vc_column][vc_column width=\u00bb1\/3&#8243;][\/vc_column][\/vc_row][vc_row tlg_padding=\u00bbpt64 pb64&#8243;][vc_column width=\u00bb1\/3&#8243;][\/vc_column][vc_column width=\u00bb1\/3&#8243;][\/vc_column][vc_column width=\u00bb1\/3&#8243;][\/vc_column][\/vc_row][vc_row tlg_padding=\u00bbpt64 pb64&#8243;][vc_column width=\u00bb1\/3&#8243;][\/vc_column][vc_column width=\u00bb1\/3&#8243;][\/vc_column][vc_column width=\u00bb1\/3&#8243;][\/vc_column][\/vc_row][vc_row tlg_padding=\u00bbpt64 pb64&#8243;][vc_column width=\u00bb1\/3&#8243;][\/vc_column][vc_column width=\u00bb1\/3&#8243;][\/vc_column][vc_column width=\u00bb1\/3&#8243;][\/vc_column][\/vc_row][vc_row tlg_background_style=\u00bbbg-primary\u00bb tlg_padding=\u00bbpt64 pb64&#8243;][vc_column][\/vc_column][\/vc_row]","og_url":"https:\/\/uie.org.ar\/index.php\/nuestros-cursos\/","og_site_name":"Uni\u00f3n Industrial de Ezeiza","article_modified_time":"2022-09-01T11:25:43+00:00","twitter_card":"summary_large_image","twitter_misc":{"Tiempo de lectura":"2 minutos"},"schema":{"@context":"https:\/\/schema.org","@graph":[{"@type":"WebPage","@id":"https:\/\/uie.org.ar\/index.php\/nuestros-cursos\/","url":"https:\/\/uie.org.ar\/index.php\/nuestros-cursos\/","name":"Nuestros Cursos - Uni\u00f3n Industrial de Ezeiza","isPartOf":{"@id":"https:\/\/uie.org.ar\/#website"},"datePublished":"2022-08-28T15:25:56+00:00","dateModified":"2022-09-01T11:25:43+00:00","breadcrumb":{"@id":"https:\/\/uie.org.ar\/index.php\/nuestros-cursos\/#breadcrumb"},"inLanguage":"es","potentialAction":[{"@type":"ReadAction","target":["https:\/\/uie.org.ar\/index.php\/nuestros-cursos\/"]}]},{"@type":"BreadcrumbList","@id":"https:\/\/uie.org.ar\/index.php\/nuestros-cursos\/#breadcrumb","itemListElement":[{"@type":"ListItem","position":1,"name":"Home","item":"https:\/\/uie.org.ar\/"},{"@type":"ListItem","position":2,"name":"Nuestros Cursos"}]},{"@type":"WebSite","@id":"https:\/\/uie.org.ar\/#website","url":"https:\/\/uie.org.ar\/","name":"Uni\u00f3n Industrial de Ezeiza","description":"Sitio oficial de la UIE","potentialAction":[{"@type":"SearchAction","target":{"@type":"EntryPoint","urlTemplate":"https:\/\/uie.org.ar\/?s={search_term_string}"},"query-input":{"@type":"PropertyValueSpecification","valueRequired":true,"valueName":"search_term_string"}}],"inLanguage":"es"}]}},"_links":{"self":[{"href":"https:\/\/uie.org.ar\/index.php\/wp-json\/wp\/v2\/pages\/9299","targetHints":{"allow":["GET"]}}],"collection":[{"href":"https:\/\/uie.org.ar\/index.php\/wp-json\/wp\/v2\/pages"}],"about":[{"href":"https:\/\/uie.org.ar\/index.php\/wp-json\/wp\/v2\/types\/page"}],"author":[{"embeddable":true,"href":"https:\/\/uie.org.ar\/index.php\/wp-json\/wp\/v2\/users\/1"}],"replies":[{"embeddable":true,"href":"https:\/\/uie.org.ar\/index.php\/wp-json\/wp\/v2\/comments?post=9299"}],"version-history":[{"count":14,"href":"https:\/\/uie.org.ar\/index.php\/wp-json\/wp\/v2\/pages\/9299\/revisions"}],"predecessor-version":[{"id":9350,"href":"https:\/\/uie.org.ar\/index.php\/wp-json\/wp\/v2\/pages\/9299\/revisions\/9350"}],"wp:attachment":[{"href":"https:\/\/uie.org.ar\/index.php\/wp-json\/wp\/v2\/media?parent=9299"}],"curies":[{"name":"wp","href":"https:\/\/api.w.org\/{rel}","templated":true}]}}